{"id":4789,"date":"2026-04-11T11:56:12","date_gmt":"2026-04-11T10:56:12","guid":{"rendered":"https:\/\/www.afadomeny.cat\/?page_id=4789"},"modified":"2026-04-11T11:56:12","modified_gmt":"2026-04-11T10:56:12","slug":"angles","status":"publish","type":"page","link":"https:\/\/www.afadomeny.cat\/index.php\/que-fem\/extraescolars\/angles\/","title":{"rendered":"Angl\u00e8s"},"content":{"rendered":"\n<p><strong>Empresa: EICA<\/strong><\/p>\n\n\n\n<p><strong>Cursos: <\/strong>i4 &#8211; 6\u00e8<br \/><strong>Dies i horaris:<\/strong><br \/><strong>Preu:<\/strong><\/p>\n\n\n\n\n\n\n\n<p><a href=\"http:\/\/www.afadomeny.cat\/wp-content\/uploads\/2025\/06\/EICA.pdf\">M\u00e9s informaci\u00f3<\/a><\/p>\n","protected":false},"excerpt":{"rendered":"<p>Empresa: EICA Cursos: i4 &#8211; 6\u00e8Dies i horaris:Preu: M\u00e9s informaci\u00f3<\/p>\n","protected":false},"author":5,"featured_media":0,"parent":78,"menu_order":0,"comment_status":"closed","ping_status":"closed","template":"","meta":{"footnotes":""},"class_list":["post-4789","page","type-page","status-publish","hentry"],"_links":{"self":[{"href":"https:\/\/www.afadomeny.cat\/index.php\/wp-json\/wp\/v2\/pages\/4789","targetHints":{"allow":["GET"]}}],"collection":[{"href":"https:\/\/www.afadomeny.cat\/index.php\/wp-json\/wp\/v2\/pages"}],"about":[{"href":"https:\/\/www.afadomeny.cat\/index.php\/wp-json\/wp\/v2\/types\/page"}],"author":[{"embeddable":true,"href":"https:\/\/www.afadomeny.cat\/index.php\/wp-json\/wp\/v2\/users\/5"}],"replies":[{"embeddable":true,"href":"https:\/\/www.afadomeny.cat\/index.php\/wp-json\/wp\/v2\/comments?post=4789"}],"version-history":[{"count":6,"href":"https:\/\/www.afadomeny.cat\/index.php\/wp-json\/wp\/v2\/pages\/4789\/revisions"}],"predecessor-version":[{"id":4795,"href":"https:\/\/www.afadomeny.cat\/index.php\/wp-json\/wp\/v2\/pages\/4789\/revisions\/4795"}],"up":[{"embeddable":true,"href":"https:\/\/www.afadomeny.cat\/index.php\/wp-json\/wp\/v2\/pages\/78"}],"wp:attachment":[{"href":"https:\/\/www.afadomeny.cat\/index.php\/wp-json\/wp\/v2\/media?parent=4789"}],"curies":[{"name":"wp","href":"https:\/\/api.w.org\/{rel}","templated":true}]}}