{"id":4106,"date":"2023-10-04T19:55:29","date_gmt":"2023-10-04T18:55:29","guid":{"rendered":"https:\/\/www.afadomeny.cat\/?page_id=4106"},"modified":"2025-07-20T20:27:26","modified_gmt":"2025-07-20T19:27:26","slug":"web","status":"publish","type":"page","link":"https:\/\/www.afadomeny.cat\/index.php\/que-fem\/web\/","title":{"rendered":"Comissi\u00f3 web"},"content":{"rendered":"\n<p>Actualitza la p\u00e0gina web, les llistes de distribuci\u00f3 de correu, l&#8217;entorn web i les xarxes socials. B\u00e0sicament instagram.<\/p>\n","protected":false},"excerpt":{"rendered":"<p>Actualitza la p\u00e0gina web, les llistes de distribuci\u00f3 de correu, l&#8217;entorn web i les xarxes socials. B\u00e0sicament instagram.<\/p>\n","protected":false},"author":5,"featured_media":0,"parent":15,"menu_order":0,"comment_status":"closed","ping_status":"closed","template":"","meta":{"footnotes":""},"class_list":["post-4106","page","type-page","status-publish","hentry"],"_links":{"self":[{"href":"https:\/\/www.afadomeny.cat\/index.php\/wp-json\/wp\/v2\/pages\/4106","targetHints":{"allow":["GET"]}}],"collection":[{"href":"https:\/\/www.afadomeny.cat\/index.php\/wp-json\/wp\/v2\/pages"}],"about":[{"href":"https:\/\/www.afadomeny.cat\/index.php\/wp-json\/wp\/v2\/types\/page"}],"author":[{"embeddable":true,"href":"https:\/\/www.afadomeny.cat\/index.php\/wp-json\/wp\/v2\/users\/5"}],"replies":[{"embeddable":true,"href":"https:\/\/www.afadomeny.cat\/index.php\/wp-json\/wp\/v2\/comments?post=4106"}],"version-history":[{"count":2,"href":"https:\/\/www.afadomeny.cat\/index.php\/wp-json\/wp\/v2\/pages\/4106\/revisions"}],"predecessor-version":[{"id":4163,"href":"https:\/\/www.afadomeny.cat\/index.php\/wp-json\/wp\/v2\/pages\/4106\/revisions\/4163"}],"up":[{"embeddable":true,"href":"https:\/\/www.afadomeny.cat\/index.php\/wp-json\/wp\/v2\/pages\/15"}],"wp:attachment":[{"href":"https:\/\/www.afadomeny.cat\/index.php\/wp-json\/wp\/v2\/media?parent=4106"}],"curies":[{"name":"wp","href":"https:\/\/api.w.org\/{rel}","templated":true}]}}