{"id":4097,"date":"2023-10-03T21:56:35","date_gmt":"2023-10-03T20:56:35","guid":{"rendered":"https:\/\/www.afadomeny.cat\/?page_id=4097"},"modified":"2023-10-03T22:00:54","modified_gmt":"2023-10-03T21:00:54","slug":"pati","status":"publish","type":"page","link":"https:\/\/www.afadomeny.cat\/index.php\/pati\/","title":{"rendered":"Pati"},"content":{"rendered":"\n<div>\n<p dir=\"ltr\">El projecte neix durant el curs escolar passat 22-23, quan es va crear una comissi\u00f3 mixta formada per professionals de l\u2019escola i diferents membres de l\u2019AFA, amb l\u2019objectiu de realitzar diferents millores als dos patis de l\u2019escola per fer-los m\u00e9s verds, m\u00e9s frescos i aprofitar-los com a element pedag\u00f2gic i d\u2019aprenentatge.<\/p>\n<p dir=\"ltr\">El projecte de nou pati porta per nom \u201cRetorn al paisatge\u201d i \u00e9s obra de l\u2019arquitecte Joel Padrosa Redondo, pare de l\u2019escola. Amb la transformaci\u00f3 dels patis, s\u2019aconseguir\u00e0:\u00a0<\/p>\n<ul>\n<li dir=\"ltr\" role=\"presentation\">Introduir m\u00e9s vegetaci\u00f3 de nou per aconseguir crear espais m\u00e9s verds<\/li>\n<li dir=\"ltr\" role=\"presentation\">Obtenir m\u00e9s obra i convertir-lo en un lloc m\u00e9s fresc, habitable i amable<\/li>\n<li dir=\"ltr\" role=\"presentation\">Fomentar l\u2019espai com un element m\u00e9s de coeducaci\u00f3: un espai on s\u2019hi puguin recon\u00e8ixer les diferents estacions de l\u2019any.<\/li>\n<li dir=\"ltr\" role=\"presentation\">Millorar la naturalitzaci\u00f3 dels patis per garantir espais de promoci\u00f3 de la salut i el benestar.<\/li>\n<\/ul>\n<p>De moment, ja podem mostrar aquests esbossos:<\/p>\n<\/div>\n\n\n\n<figure class=\"wp-block-image size-large is-style-default\"><a href=\"https:\/\/www.afadomeny.cat\/wp-content\/uploads\/2023\/10\/04_croquis_01.jpg\"><img loading=\"lazy\" decoding=\"async\" width=\"1024\" height=\"711\" src=\"https:\/\/www.afadomeny.cat\/wp-content\/uploads\/2023\/10\/04_croquis_01-1024x711.jpg\" alt=\"\" class=\"wp-image-4098\" srcset=\"https:\/\/www.afadomeny.cat\/wp-content\/uploads\/2023\/10\/04_croquis_01-1024x711.jpg 1024w, https:\/\/www.afadomeny.cat\/wp-content\/uploads\/2023\/10\/04_croquis_01-300x208.jpg 300w, https:\/\/www.afadomeny.cat\/wp-content\/uploads\/2023\/10\/04_croquis_01-768x533.jpg 768w, https:\/\/www.afadomeny.cat\/wp-content\/uploads\/2023\/10\/04_croquis_01-1536x1066.jpg 1536w, https:\/\/www.afadomeny.cat\/wp-content\/uploads\/2023\/10\/04_croquis_01-2048x1422.jpg 2048w\" sizes=\"auto, (max-width: 1024px) 100vw, 1024px\" \/><\/a><\/figure>\n\n\n\n\n\n<figure class=\"wp-block-image size-large\"><a href=\"https:\/\/www.afadomeny.cat\/wp-content\/uploads\/2023\/10\/04_croquis_02.jpg\"><img loading=\"lazy\" decoding=\"async\" width=\"1024\" height=\"816\" src=\"https:\/\/www.afadomeny.cat\/wp-content\/uploads\/2023\/10\/04_croquis_02-1024x816.jpg\" alt=\"\" class=\"wp-image-4099\" srcset=\"https:\/\/www.afadomeny.cat\/wp-content\/uploads\/2023\/10\/04_croquis_02-1024x816.jpg 1024w, https:\/\/www.afadomeny.cat\/wp-content\/uploads\/2023\/10\/04_croquis_02-300x239.jpg 300w, https:\/\/www.afadomeny.cat\/wp-content\/uploads\/2023\/10\/04_croquis_02-768x612.jpg 768w, https:\/\/www.afadomeny.cat\/wp-content\/uploads\/2023\/10\/04_croquis_02-1536x1224.jpg 1536w, https:\/\/www.afadomeny.cat\/wp-content\/uploads\/2023\/10\/04_croquis_02-2048x1632.jpg 2048w\" sizes=\"auto, (max-width: 1024px) 100vw, 1024px\" \/><\/a><\/figure>\n\n\n\n<figure class=\"wp-block-image size-large\"><a href=\"https:\/\/www.afadomeny.cat\/wp-content\/uploads\/2023\/10\/04_croquis_04.jpg\"><img loading=\"lazy\" decoding=\"async\" width=\"1024\" height=\"703\" src=\"https:\/\/www.afadomeny.cat\/wp-content\/uploads\/2023\/10\/04_croquis_04-1024x703.jpg\" alt=\"\" class=\"wp-image-4100\" srcset=\"https:\/\/www.afadomeny.cat\/wp-content\/uploads\/2023\/10\/04_croquis_04-1024x703.jpg 1024w, https:\/\/www.afadomeny.cat\/wp-content\/uploads\/2023\/10\/04_croquis_04-300x206.jpg 300w, https:\/\/www.afadomeny.cat\/wp-content\/uploads\/2023\/10\/04_croquis_04-768x527.jpg 768w, https:\/\/www.afadomeny.cat\/wp-content\/uploads\/2023\/10\/04_croquis_04-1536x1055.jpg 1536w, https:\/\/www.afadomeny.cat\/wp-content\/uploads\/2023\/10\/04_croquis_04-2048x1406.jpg 2048w\" sizes=\"auto, (max-width: 1024px) 100vw, 1024px\" \/><\/a><\/figure>\n","protected":false},"excerpt":{"rendered":"<p>El projecte neix durant el curs escolar passat 22-23, quan es va crear una comissi\u00f3 mixta formada per professionals de l\u2019escola i diferents membres de l\u2019AFA, amb l\u2019objectiu de realitzar diferents millores als dos patis<\/p>\n","protected":false},"author":5,"featured_media":0,"parent":0,"menu_order":0,"comment_status":"closed","ping_status":"closed","template":"","meta":{"footnotes":""},"class_list":["post-4097","page","type-page","status-publish","hentry"],"_links":{"self":[{"href":"https:\/\/www.afadomeny.cat\/index.php\/wp-json\/wp\/v2\/pages\/4097","targetHints":{"allow":["GET"]}}],"collection":[{"href":"https:\/\/www.afadomeny.cat\/index.php\/wp-json\/wp\/v2\/pages"}],"about":[{"href":"https:\/\/www.afadomeny.cat\/index.php\/wp-json\/wp\/v2\/types\/page"}],"author":[{"embeddable":true,"href":"https:\/\/www.afadomeny.cat\/index.php\/wp-json\/wp\/v2\/users\/5"}],"replies":[{"embeddable":true,"href":"https:\/\/www.afadomeny.cat\/index.php\/wp-json\/wp\/v2\/comments?post=4097"}],"version-history":[{"count":2,"href":"https:\/\/www.afadomeny.cat\/index.php\/wp-json\/wp\/v2\/pages\/4097\/revisions"}],"predecessor-version":[{"id":4103,"href":"https:\/\/www.afadomeny.cat\/index.php\/wp-json\/wp\/v2\/pages\/4097\/revisions\/4103"}],"wp:attachment":[{"href":"https:\/\/www.afadomeny.cat\/index.php\/wp-json\/wp\/v2\/media?parent=4097"}],"curies":[{"name":"wp","href":"https:\/\/api.w.org\/{rel}","templated":true}]}}