{"id":33,"date":"2014-12-04T18:23:26","date_gmt":"2014-12-04T17:23:26","guid":{"rendered":"http:\/\/www.afadomeny.cat\/?page_id=33"},"modified":"2023-11-16T22:41:07","modified_gmt":"2023-11-16T21:41:07","slug":"prn_menjador","status":"publish","type":"page","link":"https:\/\/www.afadomeny.cat\/index.php\/que-fem\/prn_menjador\/","title":{"rendered":"Menjador"},"content":{"rendered":"<h3>Comissi\u00f3 de menjador<\/h3>\n<p>La seva funci\u00f3 principal \u00e9s garantir el bon funcionament de les hores que hi ha servei de menjador, ja sigui durant l\u2019estona abans de l\u2019\u00e0pat de dinar, durant el dinar o les hores d\u2019esbarjo entre el dinar i l\u2019horari lectiu de tarda.<br \/>\nPer portar a terme aquesta funci\u00f3 principal, es realitzen totes aquestes tasques associades:<\/p>\n<ul>\n<li>Reunions de coordinaci\u00f3 peri\u00f2diques (comissi\u00f3, direcci\u00f3 de l\u2019escola i empresa-cuina i menjador).<\/li>\n<li>Consens en la planificaci\u00f3 del men\u00fa.<\/li>\n<li>Prioritzaci\u00f3 de les inversions necess\u00e0ries i proposta a la junta de l\u2019AFA<\/li>\n<li>Negociaci\u00f3 per a la millora progressiva de les mat\u00e8ries primeres (ous frescos, peix fresc, productes de temporada, de proximitat\u2026<\/li>\n<li>Seguiment de la prestaci\u00f3 del servei de menjador que l\u2019AFA t\u00e9 contractat amb l\u2019empresa BOISA.<\/li>\n<li>Atenci\u00f3 als suggeriments, queixes ( incid\u00e8ncies a l\u2019hora del menjador) i dubtes de les fam\u00edlies usu\u00e0ries.<\/li>\n<\/ul>\n","protected":false},"excerpt":{"rendered":"<p>Comissi\u00f3 de menjador La seva funci\u00f3 principal \u00e9s garantir el bon funcionament de les hores que hi ha servei de menjador, ja sigui durant l\u2019estona abans de l\u2019\u00e0pat de dinar, durant el dinar o les<\/p>\n","protected":false},"author":1,"featured_media":0,"parent":15,"menu_order":1,"comment_status":"closed","ping_status":"closed","template":"","meta":{"footnotes":""},"class_list":["post-33","page","type-page","status-publish","hentry"],"_links":{"self":[{"href":"https:\/\/www.afadomeny.cat\/index.php\/wp-json\/wp\/v2\/pages\/33","targetHints":{"allow":["GET"]}}],"collection":[{"href":"https:\/\/www.afadomeny.cat\/index.php\/wp-json\/wp\/v2\/pages"}],"about":[{"href":"https:\/\/www.afadomeny.cat\/index.php\/wp-json\/wp\/v2\/types\/page"}],"author":[{"embeddable":true,"href":"https:\/\/www.afadomeny.cat\/index.php\/wp-json\/wp\/v2\/users\/1"}],"replies":[{"embeddable":true,"href":"https:\/\/www.afadomeny.cat\/index.php\/wp-json\/wp\/v2\/comments?post=33"}],"version-history":[{"count":10,"href":"https:\/\/www.afadomeny.cat\/index.php\/wp-json\/wp\/v2\/pages\/33\/revisions"}],"predecessor-version":[{"id":4160,"href":"https:\/\/www.afadomeny.cat\/index.php\/wp-json\/wp\/v2\/pages\/33\/revisions\/4160"}],"up":[{"embeddable":true,"href":"https:\/\/www.afadomeny.cat\/index.php\/wp-json\/wp\/v2\/pages\/15"}],"wp:attachment":[{"href":"https:\/\/www.afadomeny.cat\/index.php\/wp-json\/wp\/v2\/media?parent=33"}],"curies":[{"name":"wp","href":"https:\/\/api.w.org\/{rel}","templated":true}]}}