{"id":1496,"date":"2017-09-17T13:22:46","date_gmt":"2017-09-17T12:22:46","guid":{"rendered":"http:\/\/www.afadomeny.cat\/?page_id=1496"},"modified":"2023-06-06T20:08:12","modified_gmt":"2023-06-06T19:08:12","slug":"logopedia","status":"publish","type":"page","link":"https:\/\/www.afadomeny.cat\/index.php\/que-fem\/extraescolars\/logopedia\/","title":{"rendered":"Logop\u00e8dia"},"content":{"rendered":"<h3>Servei de logop\u00e8dia<\/h3>\n<p>&#8220;Ensenya&#8217;m i Parla&#8217;m. Centre de logop\u00e8dia&#8221;<br \/>\nLes sessions s\u00f3n individuals i es duen a terme els migdies a l&#8217;escola.<\/p>\n<p><a href=\"https:\/\/www.afadomeny.cat\/wp-content\/uploads\/2023\/06\/SERVEI-DE-LOGOPEDIA-A-DOMENY.pdf\" target=\"_blank\" rel=\"noopener\">M\u00e9s informaci\u00f3<\/a><\/p>\n","protected":false},"excerpt":{"rendered":"<p>Servei de logop\u00e8dia &#8220;Ensenya&#8217;m i Parla&#8217;m. Centre de logop\u00e8dia&#8221; Les sessions s\u00f3n individuals i es duen a terme els migdies a l&#8217;escola. M\u00e9s informaci\u00f3<\/p>\n","protected":false},"author":5,"featured_media":0,"parent":78,"menu_order":0,"comment_status":"closed","ping_status":"closed","template":"","meta":{"footnotes":""},"class_list":["post-1496","page","type-page","status-publish","hentry"],"_links":{"self":[{"href":"https:\/\/www.afadomeny.cat\/index.php\/wp-json\/wp\/v2\/pages\/1496","targetHints":{"allow":["GET"]}}],"collection":[{"href":"https:\/\/www.afadomeny.cat\/index.php\/wp-json\/wp\/v2\/pages"}],"about":[{"href":"https:\/\/www.afadomeny.cat\/index.php\/wp-json\/wp\/v2\/types\/page"}],"author":[{"embeddable":true,"href":"https:\/\/www.afadomeny.cat\/index.php\/wp-json\/wp\/v2\/users\/5"}],"replies":[{"embeddable":true,"href":"https:\/\/www.afadomeny.cat\/index.php\/wp-json\/wp\/v2\/comments?post=1496"}],"version-history":[{"count":4,"href":"https:\/\/www.afadomeny.cat\/index.php\/wp-json\/wp\/v2\/pages\/1496\/revisions"}],"predecessor-version":[{"id":3977,"href":"https:\/\/www.afadomeny.cat\/index.php\/wp-json\/wp\/v2\/pages\/1496\/revisions\/3977"}],"up":[{"embeddable":true,"href":"https:\/\/www.afadomeny.cat\/index.php\/wp-json\/wp\/v2\/pages\/78"}],"wp:attachment":[{"href":"https:\/\/www.afadomeny.cat\/index.php\/wp-json\/wp\/v2\/media?parent=1496"}],"curies":[{"name":"wp","href":"https:\/\/api.w.org\/{rel}","templated":true}]}}